{"id":22,"date":"2016-09-28T12:35:35","date_gmt":"2016-09-28T12:35:35","guid":{"rendered":"http:\/\/kanfin.home.pl\/autoinstalator\/wordpress\/?page_id=22"},"modified":"2018-06-22T15:58:08","modified_gmt":"2018-06-22T13:58:08","slug":"kontakt","status":"publish","type":"page","link":"http:\/\/ksiegowoscleszno.pl\/?page_id=22","title":{"rendered":"Kontakt"},"content":{"rendered":"<p><img decoding=\"async\" loading=\"lazy\" class=\"alignleft wp-image-34 size-thumbnail\" src=\"http:\/\/ksiegowoscleszno.pl\/wp-content\/uploads\/2016\/09\/wyrozniajaca04-150x150.jpg\" alt=\"wyrozniajaca04\" width=\"150\" height=\"150\" \/>Siedziba naszej firmy mie\u015bci si\u0119 przy ul. Adama Mickiewicza 3 w Lesznie w biurowcu, na I pi\u0119trze.<\/p>\n<p>Dane firmy:<\/p>\n<p>Kancelaria Finansowa sp. z o.o. sp. k.<br \/>\nz siedzib\u0105 w Lesznie<br \/>\nul. Adama Mickiewicza 3<br \/>\n64-100 Leszno<\/p>\n<p>S\u0105d Rejonowy Pozna\u0144 &#8211; Nowe Miasto I Wilda w Poznaniu<br \/>\nIX Wydzia\u0142 Gospodarczy Krajowego Rejestru S\u0105dowego<br \/>\nKRS 0000636532<br \/>\nNIP 6972326689<\/p>\n<p>e: kancelaria (at) ksiegowoscleszno.pl<br \/>\nt: 65 521 08 31<\/p>\n","protected":false},"excerpt":{"rendered":"<p>Siedziba naszej firmy mie\u015bci si\u0119 przy ul. Adama Mickiewicza 3 w Lesznie w biurowcu, na I pi\u0119trze. Dane firmy: Kancelaria Finansowa sp. z o.o. sp. k. z siedzib\u0105 w Lesznie ul. Adama Mickiewicza 3 64-100 Leszno S\u0105d Rejonowy Pozna\u0144 &#8211; Nowe Miasto I Wilda w Poznaniu IX Wydzia\u0142 Gospodarczy Krajowego Rejestru S\u0105dowego KRS 0000636532 NIP [&hellip;]<\/p>\n","protected":false},"author":1,"featured_media":0,"parent":0,"menu_order":0,"comment_status":"closed","ping_status":"closed","template":"","meta":{"footnotes":""},"_links":{"self":[{"href":"http:\/\/ksiegowoscleszno.pl\/index.php?rest_route=\/wp\/v2\/pages\/22"}],"collection":[{"href":"http:\/\/ksiegowoscleszno.pl\/index.php?rest_route=\/wp\/v2\/pages"}],"about":[{"href":"http:\/\/ksiegowoscleszno.pl\/index.php?rest_route=\/wp\/v2\/types\/page"}],"author":[{"embeddable":true,"href":"http:\/\/ksiegowoscleszno.pl\/index.php?rest_route=\/wp\/v2\/users\/1"}],"replies":[{"embeddable":true,"href":"http:\/\/ksiegowoscleszno.pl\/index.php?rest_route=%2Fwp%2Fv2%2Fcomments&post=22"}],"version-history":[{"count":7,"href":"http:\/\/ksiegowoscleszno.pl\/index.php?rest_route=\/wp\/v2\/pages\/22\/revisions"}],"predecessor-version":[{"id":78,"href":"http:\/\/ksiegowoscleszno.pl\/index.php?rest_route=\/wp\/v2\/pages\/22\/revisions\/78"}],"wp:attachment":[{"href":"http:\/\/ksiegowoscleszno.pl\/index.php?rest_route=%2Fwp%2Fv2%2Fmedia&parent=22"}],"curies":[{"name":"wp","href":"https:\/\/api.w.org\/{rel}","templated":true}]}}