{"id":20,"date":"2016-09-28T12:00:25","date_gmt":"2016-09-28T12:00:25","guid":{"rendered":"http:\/\/kanfin.home.pl\/autoinstalator\/wordpress\/?page_id=20"},"modified":"2023-10-05T12:07:23","modified_gmt":"2023-10-05T10:07:23","slug":"oferta","status":"publish","type":"page","link":"http:\/\/ksiegowoscleszno.pl\/?page_id=20","title":{"rendered":"Oferta"},"content":{"rendered":"<p><img decoding=\"async\" loading=\"lazy\" class=\"alignleft wp-image-33 size-thumbnail\" src=\"http:\/\/ksiegowoscleszno.pl\/wp-content\/uploads\/2016\/09\/wyrozniajaca03-150x150.jpg\" alt=\"wyrozniajaca03\" width=\"150\" height=\"150\" \/>Nasza oferta kierowana jest do w\u0142a\u015bcicieli i mened\u017cer\u00f3w mikro, ma\u0142ych i \u015brednich firm.<\/p>\n<p>Koncentrujemy si\u0119 na outsourcingu us\u0142ug ksi\u0119gowych oraz kadrowo &#8211; p\u0142acowych.<br \/>\nProwadzimy ksi\u0119gowo\u015b\u0107 indywidualnych dzia\u0142alno\u015bci gospodarczych, sp\u00f3\u0142ek cywilnych, jawnych, sp\u00f3\u0142ek zoo, komandytowych.<\/p>\n<p>Wsp\u00f3\u0142pracujemy w procesie przekszta\u0142cania sp\u00f3\u0142ek, dokonujemy tak\u017ce analiz finansowych przedsi\u0119biorstw, w tym rachunku koszt\u00f3w i wyznaczania cen, analiz op\u0142acalno\u015bci nowych przedsi\u0119wzi\u0119\u0107, wspieraj\u0105cych zarz\u0105d w podejmowaniu decyzji biznesowych.<\/p>\n","protected":false},"excerpt":{"rendered":"<p>Nasza oferta kierowana jest do w\u0142a\u015bcicieli i mened\u017cer\u00f3w mikro, ma\u0142ych i \u015brednich firm. Koncentrujemy si\u0119 na outsourcingu us\u0142ug ksi\u0119gowych oraz kadrowo &#8211; p\u0142acowych. Prowadzimy ksi\u0119gowo\u015b\u0107 indywidualnych dzia\u0142alno\u015bci gospodarczych, sp\u00f3\u0142ek cywilnych, jawnych, sp\u00f3\u0142ek zoo, komandytowych. Wsp\u00f3\u0142pracujemy w procesie przekszta\u0142cania sp\u00f3\u0142ek, dokonujemy tak\u017ce analiz finansowych przedsi\u0119biorstw, w tym rachunku koszt\u00f3w i wyznaczania cen, analiz op\u0142acalno\u015bci nowych przedsi\u0119wzi\u0119\u0107, [&hellip;]<\/p>\n","protected":false},"author":1,"featured_media":0,"parent":0,"menu_order":0,"comment_status":"closed","ping_status":"closed","template":"","meta":{"footnotes":""},"_links":{"self":[{"href":"http:\/\/ksiegowoscleszno.pl\/index.php?rest_route=\/wp\/v2\/pages\/20"}],"collection":[{"href":"http:\/\/ksiegowoscleszno.pl\/index.php?rest_route=\/wp\/v2\/pages"}],"about":[{"href":"http:\/\/ksiegowoscleszno.pl\/index.php?rest_route=\/wp\/v2\/types\/page"}],"author":[{"embeddable":true,"href":"http:\/\/ksiegowoscleszno.pl\/index.php?rest_route=\/wp\/v2\/users\/1"}],"replies":[{"embeddable":true,"href":"http:\/\/ksiegowoscleszno.pl\/index.php?rest_route=%2Fwp%2Fv2%2Fcomments&post=20"}],"version-history":[{"count":6,"href":"http:\/\/ksiegowoscleszno.pl\/index.php?rest_route=\/wp\/v2\/pages\/20\/revisions"}],"predecessor-version":[{"id":100,"href":"http:\/\/ksiegowoscleszno.pl\/index.php?rest_route=\/wp\/v2\/pages\/20\/revisions\/100"}],"wp:attachment":[{"href":"http:\/\/ksiegowoscleszno.pl\/index.php?rest_route=%2Fwp%2Fv2%2Fmedia&parent=20"}],"curies":[{"name":"wp","href":"https:\/\/api.w.org\/{rel}","templated":true}]}}