{"id":2,"date":"2016-05-10T03:48:21","date_gmt":"2016-05-10T03:48:21","guid":{"rendered":"http:\/\/wp452m.a10-52-158-154.qa.plesk.ru\/wordpress\/?page_id=2"},"modified":"2020-10-15T12:38:59","modified_gmt":"2020-10-15T10:38:59","slug":"sample-page","status":"publish","type":"page","link":"http:\/\/ksiegowoscleszno.pl\/?page_id=2","title":{"rendered":"O nas"},"content":{"rendered":"<p><img decoding=\"async\" loading=\"lazy\" class=\"alignleft wp-image-31 size-thumbnail\" src=\"http:\/\/ksiegowoscleszno.pl\/wp-content\/uploads\/2016\/09\/wyrozniajaca01-150x150.jpg\" alt=\"wyrozniajaca01\" width=\"150\" height=\"150\" \/>Dzia\u0142amy w formie sp\u00f3\u0142ki z o.o. sp. komandytowej o nazwie Kancelaria Finansowa.<\/p>\n<p>Cz\u0142onkowie zarz\u0105du:<\/p>\n<p>Ewa Oma\u0144ska<\/p>\n<p>posiada certyfikat Ministerstwa Finans\u00f3w nr 23504\/01 na us\u0142ugowe prowadzenie ksi\u0105g rachunkowych, wieloletnie do\u015bwiadczenie w prowadzeniu w\u0142asnej firmy zatrudniaj\u0105cej do 20 pracownik\u00f3w a ostatnie lata prowadzenie ksi\u0119gowo\u015bci kilkunastu firm z bran\u017c handlowej i produkcyjnej. Do\u015bwiadczenie w prowadzeniu dzia\u0142alno\u015bci gospodarczej oraz wiedza i nabyte umiej\u0119tno\u015bci, pozwalaj\u0105 na profesjonalne i optymalne z podatkowego punktu widzenia dobranie formy prawnej i rozlicze\u0144 z urz\u0119dem podatkowym naszych Klient\u00f3w oraz zgodne z przepisami ewidencjonowanie zdarze\u0144 gospodarczych.<\/p>\n<p>Krzysztof Jagie\u0142ka<\/p>\n<p>posiada certyfikat Ministerstwa Finans\u00f3w nr 64765\/2014 na us\u0142ugowe prowadzenie ksi\u0105g rachunkowych, legitymuje si\u0119 m.in. Certificate in Management The Nottingham Trent University oraz 16 letnim do\u015bwiadczeniem zawodowym w instytucjach finansowych, w tym 6 lat na stanowisku dyrektora oddzia\u0142u banku. Bra\u0142 aktywny udzia\u0142 w przygotowaniu i wdro\u017ceniu standard\u00f3w jako\u015bci obs\u0142ugi Klient\u00f3w a pracuj\u0105c jako trener, z sukcesem prowadzi\u0142 szkolenia z zakresu obs\u0142ugi oraz coachingu dla kadry kierowniczej \u015bredniego szczebla w bran\u017cy us\u0142ug i sprzeda\u017cy.<\/p>\n<p>\u0141\u0105cz\u0105c nasze zawodowe do\u015bwiadczenia dostarczamy Klientom kompleksowych rozwi\u0105za\u0144 w zakresie szeroko rozumianych finans\u00f3w i ksi\u0119gowo\u015bci.<\/p>\n","protected":false},"excerpt":{"rendered":"<p>Dzia\u0142amy w formie sp\u00f3\u0142ki z o.o. sp. komandytowej o nazwie Kancelaria Finansowa. Cz\u0142onkowie zarz\u0105du: Ewa Oma\u0144ska posiada certyfikat Ministerstwa Finans\u00f3w nr 23504\/01 na us\u0142ugowe prowadzenie ksi\u0105g rachunkowych, wieloletnie do\u015bwiadczenie w prowadzeniu w\u0142asnej firmy zatrudniaj\u0105cej do 20 pracownik\u00f3w a ostatnie lata prowadzenie ksi\u0119gowo\u015bci kilkunastu firm z bran\u017c handlowej i produkcyjnej. Do\u015bwiadczenie w prowadzeniu dzia\u0142alno\u015bci gospodarczej oraz [&hellip;]<\/p>\n","protected":false},"author":1,"featured_media":0,"parent":0,"menu_order":0,"comment_status":"closed","ping_status":"open","template":"","meta":{"footnotes":""},"_links":{"self":[{"href":"http:\/\/ksiegowoscleszno.pl\/index.php?rest_route=\/wp\/v2\/pages\/2"}],"collection":[{"href":"http:\/\/ksiegowoscleszno.pl\/index.php?rest_route=\/wp\/v2\/pages"}],"about":[{"href":"http:\/\/ksiegowoscleszno.pl\/index.php?rest_route=\/wp\/v2\/types\/page"}],"author":[{"embeddable":true,"href":"http:\/\/ksiegowoscleszno.pl\/index.php?rest_route=\/wp\/v2\/users\/1"}],"replies":[{"embeddable":true,"href":"http:\/\/ksiegowoscleszno.pl\/index.php?rest_route=%2Fwp%2Fv2%2Fcomments&post=2"}],"version-history":[{"count":4,"href":"http:\/\/ksiegowoscleszno.pl\/index.php?rest_route=\/wp\/v2\/pages\/2\/revisions"}],"predecessor-version":[{"id":97,"href":"http:\/\/ksiegowoscleszno.pl\/index.php?rest_route=\/wp\/v2\/pages\/2\/revisions\/97"}],"wp:attachment":[{"href":"http:\/\/ksiegowoscleszno.pl\/index.php?rest_route=%2Fwp%2Fv2%2Fmedia&parent=2"}],"curies":[{"name":"wp","href":"https:\/\/api.w.org\/{rel}","templated":true}]}}